{"id":464,"date":"2021-06-13T20:18:18","date_gmt":"2021-06-13T20:32:51","guid":{"rendered":"https:\/\/gb2021.tk.de\/impressum-2\/"},"modified":"2024-06-27T15:17:56","modified_gmt":"2024-06-27T13:17:56","slug":"barrierefreiheit","status":"publish","type":"page","link":"https:\/\/geschaeftsbericht.tk.de\/2023\/barrierefreiheit\/","title":{"rendered":"Erkl\u00e4rung zur Barrierefreiheit"},"content":{"rendered":"\n<p><\/p>\n\n\n\n<p>Diese Erkl\u00e4rung zur Barrierefreiheit gilt f\u00fcr die unter www.gb2022.tk.de ver\u00f6ffentlichten Webseiten der Techniker Krankenkasse, Bramfelder Stra\u00dfe 140, 22305 Hamburg.<\/p>\n\n\n\n<p>Als \u00f6ffentliche Stelle im Sinne der Richtlinie (EU) 2016\/2102 sind wir bem\u00fcht, unsere Websites im Einklang mit den Bestimmungen des Behinderten\u00adgleichstellungs\u00adgesetzes des Bundes (BGG) sowie der Barrierefreien-Informationstechnik-Verordnung (BITV 2.0) zur Umsetzung der Richtlinie (EU) 2016\/2102 barrierefrei zug\u00e4nglich zu machen.<\/p>\n\n\n\n<p><a href=\"https:\/\/www.tk.de\/techniker\/unternehmensseiten\/barrierefreiheit\/erklaerung-barrierefreiheit-leichte-sprache-2117676\" target=\"_blank\" rel=\"noreferrer noopener\">Erkl\u00e4rung zur Barrierefreiheit in Leichter Sprache<\/a><\/p>\n\n\n\n<h2 class=\"wp-block-heading\">Stand der Vereinbarkeit mit den Anforderungen<\/h2>\n\n\n\n<p>Die Anforderungen der Barrierefreiheit ergeben sich aus BITV \u00a7 3, 1-4 und \u00a7 4. Geltender technischer Standard ist EN 301 549.&nbsp;<\/p>\n\n\n\n<p>Die Einhaltung der Anforderungen wurde von der Pr\u00fcfstelle BIT Design f\u00fcr Barrierefreie Informationstechnik GmbH im Zeitraum Juni bis September 2021 \u00fcberpr\u00fcft. Eine weitere Pr\u00fcfung wurde im Auftrag der \u00dcberwachungsstelle des Bundes f\u00fcr Barrierefreiheit von Informationstechnik (BFIT) im August 2021 durch die Materna Information &amp; Communications SE durchgef\u00fchrt. Eingesetzte Pr\u00fcfverfahren waren der BIK BITV-Test und der BIT inklusiv PDF-Test. Zus\u00e4tzliche, nicht vom BITV-Test abgedeckte Anforderungen, wurden von Materna mithilfe interner Testverfahren untersucht.&nbsp;<\/p>\n\n\n\n<p>Die \u00dcberpr\u00fcfung hat ergeben, dass die Website mit den Anforderungen der BITV \u00fcberwiegend vereinbar ist. Die Inhalte sind im Wesentlichen f\u00fcr alle Nutzergruppen gut zug\u00e4nglich. Wenige Einschr\u00e4nkungen erschweren punktuell die Zug\u00e4nglichkeit.&nbsp;<\/p>\n\n\n\n<h2 class=\"wp-block-heading\">\u00d6ffentlicher Webseitenbereich<\/h2>\n\n\n\n<p>In den \u00f6ffentlich erreichbaren Bereichen der Website sind die nachstehend aufgef\u00fchrten Inhalte noch nicht vollst\u00e4ndig barrierefrei:&nbsp;<\/p>\n\n\n\n<ul class=\"wp-block-list\"><li>Die Inhalte, die rein grafisch dargestellt werden, sind mit dem Erfolgskriterium 9.1.1.1a &#8222;Alternativtexte f\u00fcr Bedienelemente&#8220; nicht vollst\u00e4ndig vereinbar.&nbsp;<\/li><li>Nicht alle visuellen Informationen in den Videos sind mit dem Erfolgskriterium 9.1.2.3\u202f&#8220;Audiodeskription oder Medienalternative (aufgezeichnet)&#8220; vollst\u00e4ndig vereinbar.&nbsp;<\/li><li>Einige Seiten sind mit dem Erfolgskriterium 9.1.3.1a &#8222;HTML-Strukturelemente f\u00fcr \u00dcberschriften&#8220; nicht vollst\u00e4ndig vereinbar.&nbsp;<\/li><li>Die Navigationsmechanismen innerhalb des Webauftritts sind mit dem Erfolgskriterium 9.3.2.3 &#8222;Konsistente Navigation&#8220; nicht vollst\u00e4ndig vereinbar.&nbsp;<\/li><li>Einige wenige Seiten der Website sind mit dem Erfolgskriterium 9.4.1.1 &#8222;Korrekte Syntax&#8220; nicht vollst\u00e4ndig vereinbar.&nbsp;<\/li><\/ul>\n\n\n\n<h2 class=\"wp-block-heading\">Barrieren melden<\/h2>\n\n\n\n<p>Sie m\u00f6chten uns bestehende Barrieren mitteilen oder Informationen zur Umsetzung der Barrierefreiheit erfragen? F\u00fcr Ihr Feedback sowie alle weiteren Informationen sprechen Sie unsere verantwortlichen Kontaktpersonen unter\u202f <a rel=\"noreferrer noopener\" href=\"https:\/\/www.tk.de\/presse\/unternehmensseiten\/barrierefreiheit\/barriere-melden-2122894\" target=\"_blank\">Barriere melden<\/a>\u202fan.&nbsp;<\/p>\n\n\n\n<p><a rel=\"noreferrer noopener\" href=\"https:\/\/www.tk.de\/presse\/unternehmensseiten\/barrierefreiheit\/barriere-melden-leichte-sprache-2123650\" target=\"_blank\">Barriere melden in Leichter Sprache<\/a>&nbsp;<\/p>\n\n\n\n<h2 class=\"wp-block-heading\">Schlichtungsverfahren<\/h2>\n\n\n\n<p><\/p>\n\n\n\n<p>Wenn auch nach Ihrem Feedback an den oben genannten Kontakt keine zufriedenstellende L\u00f6sung gefunden wurde, k\u00f6nnen Sie sich an die Schlichtungsstelle nach \u00a7 16 BGG wenden. Die Schlichtungsstelle BGG hat die Aufgabe, bei Konflikten zum Thema Barrierefreiheit zwischen Menschen mit Behinderungen und \u00f6ffentlichen Stellen des Bundes eine au\u00dfergerichtliche Streitbeilegung zu unterst\u00fctzen.&nbsp;<\/p>\n\n\n\n<p>Das Schlichtungsverfahren ist kostenlos. Es muss kein Rechtsbeistand eingeschaltet werden.&nbsp;<\/p>\n\n\n\n<p>Weitere Informationen zum Schlichtungsverfahren und den M\u00f6glichkeiten der Antragstellung erhalten Sie unter:\u202f<a href=\"http:\/\/www.schlichtungsstelle-bgg.de\/\" target=\"_blank\" rel=\"noreferrer noopener\">www.schlichtungsstelle-bgg.de<\/a>.&nbsp;<\/p>\n\n\n\n<p>Direkt kontaktieren k\u00f6nnen Sie die Schlichtungsstelle BGG unter info@schlichtungsstelle-bgg.de.&nbsp;<\/p>\n\n\n\n<p>Datum der Ver\u00f6ffentlichung: 03.03.2022&nbsp;<\/p>\n","protected":false},"excerpt":{"rendered":"<p>Diese Erkl\u00e4rung zur Barrierefreiheit gilt f\u00fcr die unter www.gb2022.tk.de ver\u00f6ffentlichten Webseiten der Techniker Krankenkasse, Bramfelder Stra\u00dfe 140, 22305 Hamburg. Als \u00f6ffentliche Stelle im Sinne der Richtlinie (EU) 2016\/2102 sind wir bem\u00fcht, unsere Websites im Einklang mit den Bestimmungen des Behinderten\u00adgleichstellungs\u00adgesetzes des Bundes (BGG) sowie der Barrierefreien-Informationstechnik-Verordnung (BITV 2.0) zur Umsetzung der Richtlinie (EU) 2016\/2102 barrierefrei [&hellip;]<\/p>\n","protected":false},"author":10,"featured_media":0,"parent":0,"menu_order":5,"comment_status":"closed","ping_status":"open","template":"page-legal.php","meta":{"_acf_changed":false,"footnotes":""},"categories":[],"class_list":["post-464","page","type-page","status-publish","hentry"],"acf":[],"_links":{"self":[{"href":"https:\/\/geschaeftsbericht.tk.de\/2023\/wp-json\/wp\/v2\/pages\/464","targetHints":{"allow":["GET"]}}],"collection":[{"href":"https:\/\/geschaeftsbericht.tk.de\/2023\/wp-json\/wp\/v2\/pages"}],"about":[{"href":"https:\/\/geschaeftsbericht.tk.de\/2023\/wp-json\/wp\/v2\/types\/page"}],"author":[{"embeddable":true,"href":"https:\/\/geschaeftsbericht.tk.de\/2023\/wp-json\/wp\/v2\/users\/10"}],"replies":[{"embeddable":true,"href":"https:\/\/geschaeftsbericht.tk.de\/2023\/wp-json\/wp\/v2\/comments?post=464"}],"version-history":[{"count":18,"href":"https:\/\/geschaeftsbericht.tk.de\/2023\/wp-json\/wp\/v2\/pages\/464\/revisions"}],"predecessor-version":[{"id":5182,"href":"https:\/\/geschaeftsbericht.tk.de\/2023\/wp-json\/wp\/v2\/pages\/464\/revisions\/5182"}],"wp:attachment":[{"href":"https:\/\/geschaeftsbericht.tk.de\/2023\/wp-json\/wp\/v2\/media?parent=464"}],"wp:term":[{"taxonomy":"category","embeddable":true,"href":"https:\/\/geschaeftsbericht.tk.de\/2023\/wp-json\/wp\/v2\/categories?post=464"}],"curies":[{"name":"wp","href":"https:\/\/api.w.org\/{rel}","templated":true}]}}