{"id":456,"date":"2021-06-13T20:18:18","date_gmt":"2021-06-13T20:18:18","guid":{"rendered":"https:\/\/gb2021.tk.de\/datenschutzbestimmungen-2\/"},"modified":"2024-06-27T15:31:35","modified_gmt":"2024-06-27T13:31:35","slug":"impressum","status":"publish","type":"page","link":"https:\/\/geschaeftsbericht.tk.de\/2023\/impressum\/","title":{"rendered":"Impressum"},"content":{"rendered":"\n<h2 class=\"wp-block-heading\">Verantwortlich f\u00fcr den Inhalt<\/h2>\n\n\n\n<p>Techniker Krankenkasse<br>Bramfelder Stra\u00dfe 140<br>22305 Hamburg<\/p>\n\n\n\n<p><strong>TK-ServiceTeam:<\/strong>&nbsp;Tel.&nbsp;<a href=\"tel:+498002858585\">0800 \u2013 285 85 85<\/a>&nbsp;(geb\u00fchrenfrei innerhalb Deutschlands)<\/p>\n\n\n\n<p><strong>E-Mail:<\/strong>&nbsp;<a href=\"mailto:service@tk.de\">impressum@tk.de<\/a><\/p>\n\n\n\n<p>Die Techniker Krankenkasse ist eine K\u00f6rperschaft des \u00f6ffentlichen Rechts mit Selbstverwaltung.<\/p>\n\n\n\n<h3 class=\"wp-block-heading\">Vorstand<\/h3>\n\n\n\n<p>Vorsitzender des Vorstands: Dr. Jens Baas<br>Stellvertretender Vorsitzender des Vorstands: Thomas Ballast<br>Mitglied des Vorstands: Karen Walkenhorst<\/p>\n\n\n\n<h3 class=\"wp-block-heading\">Verwaltungsrat<\/h3>\n\n\n\n<p>Dominik Kruchen, Dieter F. M\u00e4rtens (alternierende Vorsitzende)<\/p>\n\n\n\n<h3 class=\"wp-block-heading\">Aufsicht<\/h3>\n\n\n\n<p>Bundesamt f\u00fcr Soziale Sicherung<br>Friedrich-Ebert-Allee 38<br>53113 Bonn<\/p>\n\n\n\n<h3 class=\"wp-block-heading\">Umsatzsteuer\u00adidentifikations\u00adnummer<\/h3>\n\n\n\n<p>DE 811 313 100<\/p>\n\n\n\n<h3 class=\"wp-block-heading\">IK-Nummer<\/h3>\n\n\n\n<p>101 575 519<\/p>\n\n\n\n<h3 class=\"wp-block-heading\">Informationen f\u00fcr die Vermittlung von Zusatzversicherungen nach \u00a7 194 Abs. 1a SGB V:<\/h3>\n\n\n\n<p>Versicherungsvermittlerregister:<br>Registriernummer D-U2SS-UFH3Y-54<br>(http:\/\/www.vermittlerregister.info)<\/p>\n\n\n\n<p>Erlaubnis nach \u00a7 34d Abs. 7 GewO; zust\u00e4ndige Beh\u00f6rde:<br>Handelskammer Hamburg, Adolphsplatz 1, 20457 Hamburg<\/p>\n\n\n\n<p>T\u00e4tigkeitsart: Gebundener Versicherungsvertreter nach \u00a7 34d Abs. 7 GewO<\/p>\n\n\n\n<h2 class=\"wp-block-heading\">Journalistisch-redaktionelle Inhalte<\/h2>\n\n\n\n<p>F\u00fcr die nachfolgend aufgef\u00fchrten Verantwortlichen gilt die oben genannte Anschrift.<\/p>\n\n\n\n<h3 class=\"wp-block-heading\">Geldleistungen, Pflege, Hilfsmittel, station\u00e4re Versorgung, ambulante Versorgung<\/h3>\n\n\n\n<p>Felicitas Marx (verantwortlich)<\/p>\n\n\n\n<h3 class=\"wp-block-heading\">Informationen f\u00fcr Firmenkunden und Informationen zur TK-Versicherung<\/h3>\n\n\n\n<p>Karsten Brucker (verantwortlich)<\/p>\n\n\n\n<h2 class=\"wp-block-heading\">Informationstechnologie<\/h2>\n\n\n\n<p>Aude Vik (verantwortlich)<\/p>\n\n\n\n<h3 class=\"wp-block-heading\"><a href=\"https:\/\/www.tk.de\/techniker\/unternehmensseiten\/unternehmen\/karriere-bei-der-techniker-2027882\" target=\"_blank\" rel=\"noreferrer noopener\">Karriere<\/a><\/h3>\n\n\n\n<p>Evelyn Falk (verantwortlich)<\/p>\n\n\n\n<h3 class=\"wp-block-heading\">Marke und Marketing<\/h3>\n\n\n\n<p>Andreas B\u00fcndert (verantwortlich)<\/p>\n\n\n\n<h3 class=\"wp-block-heading\">Markt und Kunde, Vertriebs\u00adpartner\u00admanagement<\/h3>\n\n\n\n<p>Kay Kuhnen (verantwortlich)<\/p>\n\n\n\n<h3 class=\"wp-block-heading\">Medizinische Informationen, Versorgungsmanagement, Landesvertretungen<\/h3>\n\n\n\n<p>Daniel Cardinal (verantwortlich)<\/p>\n\n\n\n<h3 class=\"wp-block-heading\"><a href=\"https:\/\/www.tk.de\/techniker\/unternehmensseiten\/unternehmen\/presse-und-politik-2027878\" target=\"_blank\" rel=\"noreferrer noopener\">Politik und Kommunikation<\/a><\/h3>\n\n\n\n<p>Inga Laboga (verantwortlich)<\/p>\n\n\n\n<h3 class=\"wp-block-heading\">Verwaltungsrat<\/h3>\n\n\n\n<p>J\u00f6rg Ide (verantwortlich)<\/p>\n\n\n\n<h3 class=\"wp-block-heading\">Pressestelle<\/h3>\n\n\n\n<p>E-Mail:&nbsp;<a href=\"mailto:pressestelle@tk.de\">pressestelle@tk.de<\/a><\/p>\n\n\n\n<p><a href=\"https:\/\/www.tk.de\/techniker\/bildnachweis-2013114\" target=\"_blank\" rel=\"noreferrer noopener\"><strong>Bildnachweis<\/strong><\/a><\/p>\n","protected":false},"excerpt":{"rendered":"<p>Verantwortlich f\u00fcr den Inhalt Techniker KrankenkasseBramfelder Stra\u00dfe 14022305 Hamburg TK-ServiceTeam:&nbsp;Tel.&nbsp;0800 \u2013 285 85 85&nbsp;(geb\u00fchrenfrei innerhalb Deutschlands) E-Mail:&nbsp;impressum@tk.de Die Techniker Krankenkasse ist eine K\u00f6rperschaft des \u00f6ffentlichen Rechts mit Selbstverwaltung. Vorstand Vorsitzender des Vorstands: Dr. Jens BaasStellvertretender Vorsitzender des Vorstands: Thomas BallastMitglied des Vorstands: Karen Walkenhorst Verwaltungsrat Dominik Kruchen, Dieter F. M\u00e4rtens (alternierende Vorsitzende) Aufsicht Bundesamt f\u00fcr [&hellip;]<\/p>\n","protected":false},"author":16,"featured_media":0,"parent":0,"menu_order":6,"comment_status":"closed","ping_status":"open","template":"page-legal.php","meta":{"_acf_changed":false,"footnotes":""},"categories":[],"class_list":["post-456","page","type-page","status-publish","hentry"],"acf":[],"_links":{"self":[{"href":"https:\/\/geschaeftsbericht.tk.de\/2023\/wp-json\/wp\/v2\/pages\/456","targetHints":{"allow":["GET"]}}],"collection":[{"href":"https:\/\/geschaeftsbericht.tk.de\/2023\/wp-json\/wp\/v2\/pages"}],"about":[{"href":"https:\/\/geschaeftsbericht.tk.de\/2023\/wp-json\/wp\/v2\/types\/page"}],"author":[{"embeddable":true,"href":"https:\/\/geschaeftsbericht.tk.de\/2023\/wp-json\/wp\/v2\/users\/16"}],"replies":[{"embeddable":true,"href":"https:\/\/geschaeftsbericht.tk.de\/2023\/wp-json\/wp\/v2\/comments?post=456"}],"version-history":[{"count":18,"href":"https:\/\/geschaeftsbericht.tk.de\/2023\/wp-json\/wp\/v2\/pages\/456\/revisions"}],"predecessor-version":[{"id":5185,"href":"https:\/\/geschaeftsbericht.tk.de\/2023\/wp-json\/wp\/v2\/pages\/456\/revisions\/5185"}],"wp:attachment":[{"href":"https:\/\/geschaeftsbericht.tk.de\/2023\/wp-json\/wp\/v2\/media?parent=456"}],"wp:term":[{"taxonomy":"category","embeddable":true,"href":"https:\/\/geschaeftsbericht.tk.de\/2023\/wp-json\/wp\/v2\/categories?post=456"}],"curies":[{"name":"wp","href":"https:\/\/api.w.org\/{rel}","templated":true}]}}